{"id":311,"date":"2025-11-25T08:25:59","date_gmt":"2025-11-25T08:25:59","guid":{"rendered":"https:\/\/miladopiz.com\/?post_type=product&#038;p=311"},"modified":"2026-03-19T15:10:11","modified_gmt":"2026-03-19T14:10:11","slug":"swiss-wellness-soft-body-lotion","status":"publish","type":"product","link":"https:\/\/miladopiz.com\/de\/produkt\/swiss-wellness-soft-body-lotion\/","title":{"rendered":"Swiss Wellness Soft Body Lotion"},"content":{"rendered":"<p>Entdecken Sie mit der frisch und sanft wirkenden Body Lotion die maximal feuchtigkeitsspendende und pflegende K\u00f6rperpflege, die zudem keine Fettflecken hinterl\u00e4sst. Vitalisierende Wirkstoffe und entspannender Duft beleben K\u00f6rper und Geist. Die Haut f\u00fchlt sich weich, straff und hydratisiert an und ist angenehm parf\u00fcmiert.<\/p>","protected":false},"excerpt":{"rendered":"<p>Entdecken Sie mit der frisch und sanft wirkenden Body Lotion die maximal feuchtigkeitsspendende und pflegende K\u00f6rperpflege, die zudem keine Fettflecken hinterl\u00e4sst. Vitalisierende Wirkstoffe und entspannender Duft beleben K\u00f6rper und Geist. Die Haut f\u00fchlt sich weich, straff und hydratisiert an und ist angenehm parf\u00fcmiert.<\/p>","protected":false},"featured_media":4924,"comment_status":"open","ping_status":"closed","template":"","meta":{"_acf_changed":false,"site-sidebar-layout":"default","site-content-layout":"","ast-site-content-layout":"default","site-content-style":"default","site-sidebar-style":"default","ast-global-header-display":"","ast-banner-title-visibility":"","ast-main-header-display":"","ast-hfb-above-header-display":"","ast-hfb-below-header-display":"","ast-hfb-mobile-header-display":"","site-post-title":"","ast-breadcrumbs-content":"","ast-featured-img":"","footer-sml-layout":"","ast-disable-related-posts":"","theme-transparent-header-meta":"default","adv-header-id-meta":"","stick-header-meta":"","header-above-stick-meta":"","header-main-stick-meta":"","header-below-stick-meta":"","astra-migrate-meta-layouts":"set","ast-page-background-enabled":"default","ast-page-background-meta":{"desktop":{"background-color":"var(--ast-global-color-5)","background-image":"","background-repeat":"repeat","background-position":"center center","background-size":"auto","background-attachment":"scroll","background-type":"","background-media":"","overlay-type":"","overlay-color":"","overlay-opacity":"","overlay-gradient":""},"tablet":{"background-color":"","background-image":"","background-repeat":"repeat","background-position":"center center","background-size":"auto","background-attachment":"scroll","background-type":"","background-media":"","overlay-type":"","overlay-color":"","overlay-opacity":"","overlay-gradient":""},"mobile":{"background-color":"","background-image":"","background-repeat":"repeat","background-position":"center center","background-size":"auto","background-attachment":"scroll","background-type":"","background-media":"","overlay-type":"","overlay-color":"","overlay-opacity":"","overlay-gradient":""}},"ast-content-background-meta":{"desktop":{"background-color":"var(--ast-global-color-4)","background-image":"","background-repeat":"repeat","background-position":"center center","background-size":"auto","background-attachment":"scroll","background-type":"","background-media":"","overlay-type":"","overlay-color":"","overlay-opacity":"","overlay-gradient":""},"tablet":{"background-color":"var(--ast-global-color-4)","background-image":"","background-repeat":"repeat","background-position":"center center","background-size":"auto","background-attachment":"scroll","background-type":"","background-media":"","overlay-type":"","overlay-color":"","overlay-opacity":"","overlay-gradient":""},"mobile":{"background-color":"var(--ast-global-color-4)","background-image":"","background-repeat":"repeat","background-position":"center center","background-size":"auto","background-attachment":"scroll","background-type":"","background-media":"","overlay-type":"","overlay-color":"","overlay-opacity":"","overlay-gradient":""}}},"product_brand":[],"product_cat":[18,63,22,48,36,62,37],"product_tag":[166],"class_list":{"0":"post-311","1":"product","2":"type-product","3":"status-publish","4":"has-post-thumbnail","6":"product_cat-all-skin-types","7":"product_cat-hautpflegeprodukte","8":"product_cat-hydration","9":"product_cat-korperpflege","10":"product_cat-spezial-linien","11":"product_cat-swiss-wellness","12":"product_cat-tagespflege","13":"product_tag-body-care","14":"desktop-align-center","15":"tablet-align-left","16":"mobile-align-left","18":"first","19":"instock","20":"taxable","21":"shipping-taxable","22":"purchasable","23":"product-type-simple"},"acf":{"key_ingredients":"","application_":"","skincare_concern":"","skin_type":"","customer_faq_section":"","consumer_results":"","all_ingredients":""},"_links":{"self":[{"href":"https:\/\/miladopiz.com\/de\/wp-json\/wp\/v2\/product\/311","targetHints":{"allow":["GET"]}}],"collection":[{"href":"https:\/\/miladopiz.com\/de\/wp-json\/wp\/v2\/product"}],"about":[{"href":"https:\/\/miladopiz.com\/de\/wp-json\/wp\/v2\/types\/product"}],"replies":[{"embeddable":true,"href":"https:\/\/miladopiz.com\/de\/wp-json\/wp\/v2\/comments?post=311"}],"wp:featuredmedia":[{"embeddable":true,"href":"https:\/\/miladopiz.com\/de\/wp-json\/wp\/v2\/media\/4924"}],"wp:attachment":[{"href":"https:\/\/miladopiz.com\/de\/wp-json\/wp\/v2\/media?parent=311"}],"wp:term":[{"taxonomy":"product_brand","embeddable":true,"href":"https:\/\/miladopiz.com\/de\/wp-json\/wp\/v2\/product_brand?post=311"},{"taxonomy":"product_cat","embeddable":true,"href":"https:\/\/miladopiz.com\/de\/wp-json\/wp\/v2\/product_cat?post=311"},{"taxonomy":"product_tag","embeddable":true,"href":"https:\/\/miladopiz.com\/de\/wp-json\/wp\/v2\/product_tag?post=311"}],"curies":[{"name":"wp","href":"https:\/\/api.w.org\/{rel}","templated":true}]}}