{"id":227,"date":"2025-11-25T08:25:22","date_gmt":"2025-11-25T08:25:22","guid":{"rendered":"https:\/\/miladopiz.com\/?post_type=product&#038;p=227"},"modified":"2026-03-19T15:10:09","modified_gmt":"2026-03-19T14:10:09","slug":"men-hair-body-shower-gel","status":"publish","type":"product","link":"https:\/\/miladopiz.com\/de\/produkt\/men-hair-body-shower-gel\/","title":{"rendered":"Men Hair &#038; Body Shower Gel"},"content":{"rendered":"<p>Das energiereiche Gel kann und darf auch zur t\u00e4gliche Haarw\u00e4sche verwendet werden. Es spendet der Haut Feuchtigkeit w\u00e4hrend der Reinigung und hinterl\u00e4sst keine negativen F\u00e4rbungen. Das praktische Haar- und K\u00f6rpergel erfreut mit einem m\u00e4nnlich erfrischenden Duft.<\/p>","protected":false},"excerpt":{"rendered":"<p>MEN Hair &amp; Body Shower Gel is a refreshing 2-in-1 cleanser designed for daily use on hair and body. The clear gel texture cleanses thoroughly yet gently, leaving skin and hair feeling clean, revitalized and comfortable. It supports hydration while delivering a fresh, energizing shower experience without residue.<\/p>","protected":false},"featured_media":6668,"comment_status":"open","ping_status":"closed","template":"","meta":{"_acf_changed":false,"site-sidebar-layout":"default","site-content-layout":"","ast-site-content-layout":"default","site-content-style":"default","site-sidebar-style":"default","ast-global-header-display":"","ast-banner-title-visibility":"","ast-main-header-display":"","ast-hfb-above-header-display":"","ast-hfb-below-header-display":"","ast-hfb-mobile-header-display":"","site-post-title":"","ast-breadcrumbs-content":"","ast-featured-img":"","footer-sml-layout":"","ast-disable-related-posts":"","theme-transparent-header-meta":"default","adv-header-id-meta":"","stick-header-meta":"","header-above-stick-meta":"","header-main-stick-meta":"","header-below-stick-meta":"","astra-migrate-meta-layouts":"set","ast-page-background-enabled":"default","ast-page-background-meta":{"desktop":{"background-color":"var(--ast-global-color-5)","background-image":"","background-repeat":"repeat","background-position":"center center","background-size":"auto","background-attachment":"scroll","background-type":"","background-media":"","overlay-type":"","overlay-color":"","overlay-opacity":"","overlay-gradient":""},"tablet":{"background-color":"","background-image":"","background-repeat":"repeat","background-position":"center center","background-size":"auto","background-attachment":"scroll","background-type":"","background-media":"","overlay-type":"","overlay-color":"","overlay-opacity":"","overlay-gradient":""},"mobile":{"background-color":"","background-image":"","background-repeat":"repeat","background-position":"center center","background-size":"auto","background-attachment":"scroll","background-type":"","background-media":"","overlay-type":"","overlay-color":"","overlay-opacity":"","overlay-gradient":""}},"ast-content-background-meta":{"desktop":{"background-color":"var(--ast-global-color-4)","background-image":"","background-repeat":"repeat","background-position":"center center","background-size":"auto","background-attachment":"scroll","background-type":"","background-media":"","overlay-type":"","overlay-color":"","overlay-opacity":"","overlay-gradient":""},"tablet":{"background-color":"var(--ast-global-color-4)","background-image":"","background-repeat":"repeat","background-position":"center center","background-size":"auto","background-attachment":"scroll","background-type":"","background-media":"","overlay-type":"","overlay-color":"","overlay-opacity":"","overlay-gradient":""},"mobile":{"background-color":"var(--ast-global-color-4)","background-image":"","background-repeat":"repeat","background-position":"center center","background-size":"auto","background-attachment":"scroll","background-type":"","background-media":"","overlay-type":"","overlay-color":"","overlay-opacity":"","overlay-gradient":""}}},"product_brand":[],"product_cat":[18,22,28,45,29,24,36],"product_tag":[166,153,150,147,146,149,148],"class_list":{"0":"post-227","1":"product","2":"type-product","3":"status-publish","4":"has-post-thumbnail","6":"product_cat-all-skin-types","7":"product_cat-hydration","8":"product_cat-manner-uber-40","9":"product_cat-manner-unter-40-jahren","10":"product_cat-men","11":"product_cat-reinigung","12":"product_cat-spezial-linien","13":"product_tag-body-care","14":"product_tag-cleansers","15":"product_tag-combination-skin","16":"product_tag-dry-skin","17":"product_tag-mature-skin","18":"product_tag-oily-skin","19":"product_tag-sensitive-skin","20":"desktop-align-center","21":"tablet-align-left","22":"mobile-align-left","24":"first","25":"instock","26":"taxable","27":"shipping-taxable","28":"purchasable","29":"product-type-simple"},"acf":{"key_ingredients":"<b title=\"Derived from stem cells of the prickly pear cactus.\">Aqua Cacteen<\/b> supports the skin with hydration during cleansing and helps maintain skin comfort when exposed to daily cleansing stress. <b title=\"Regenerative and anti-inflammatory properties.\">Tiger Grass<\/b> supports skin resilience and helps care for skin that is challenged by external influences.","application_":"Apply to wet skin and hair, foam it up, and rinse thoroughly. Suitable for daily use.","skincare_concern":"","skin_type":"Suitable for all skin types.","customer_faq_section":"<strong>What does the MEN line stand for?<\/strong>\r\nThe MEN line is created for men who expect care to be straightforward, functional and reliable. It focuses on clear formulations, selected active ingredients and efficient application without unnecessary steps. Designed for everyday routines, when care should simply work and feel fresh, clean and effortless.","consumer_results":"","all_ingredients":"Aqua (Water), MIPA-Laureth Sulfate, Cocamidopropyl Betaine, Sodium Lauroyl Sarcosinate, PEG-90 Glyceryl Isostearate, Sodium Lauroyl Glutamate, Parfum (Fragrance), Glycerin, Centella Asiatica Extract, Opuntia Ficus-Indica Stem Extract, PEG-15 Glyceryl Isostearate, Polysorbate 20, Citric Acid, Sodium Chloride, Levulinic Acid, Laureth-2, Sodium Levulinate, p-Anisic Acid, Phenoxyethanol, Limonene, Linalool, Benzyl Salicylate, Citronellol, Coumarin, Geraniol"},"_links":{"self":[{"href":"https:\/\/miladopiz.com\/de\/wp-json\/wp\/v2\/product\/227","targetHints":{"allow":["GET"]}}],"collection":[{"href":"https:\/\/miladopiz.com\/de\/wp-json\/wp\/v2\/product"}],"about":[{"href":"https:\/\/miladopiz.com\/de\/wp-json\/wp\/v2\/types\/product"}],"replies":[{"embeddable":true,"href":"https:\/\/miladopiz.com\/de\/wp-json\/wp\/v2\/comments?post=227"}],"wp:featuredmedia":[{"embeddable":true,"href":"https:\/\/miladopiz.com\/de\/wp-json\/wp\/v2\/media\/6668"}],"wp:attachment":[{"href":"https:\/\/miladopiz.com\/de\/wp-json\/wp\/v2\/media?parent=227"}],"wp:term":[{"taxonomy":"product_brand","embeddable":true,"href":"https:\/\/miladopiz.com\/de\/wp-json\/wp\/v2\/product_brand?post=227"},{"taxonomy":"product_cat","embeddable":true,"href":"https:\/\/miladopiz.com\/de\/wp-json\/wp\/v2\/product_cat?post=227"},{"taxonomy":"product_tag","embeddable":true,"href":"https:\/\/miladopiz.com\/de\/wp-json\/wp\/v2\/product_tag?post=227"}],"curies":[{"name":"wp","href":"https:\/\/api.w.org\/{rel}","templated":true}]}}