{"id":226,"date":"2025-11-25T08:25:22","date_gmt":"2025-11-25T08:25:22","guid":{"rendered":"https:\/\/miladopiz.com\/?post_type=product&#038;p=226"},"modified":"2026-03-19T15:10:09","modified_gmt":"2026-03-19T14:10:09","slug":"men-energizing-cream","status":"publish","type":"product","link":"https:\/\/miladopiz.com\/de\/produkt\/men-energizing-cream\/","title":{"rendered":"Men Energizing Cream"},"content":{"rendered":"<p>Die leicht gelbliche Creme bewirkt ein lang anhaltendes Energie- und Frischegef\u00fchl. Regenerierende und beruhigende Komponenten sorgen f\u00fcr gut aussehende, m\u00e4nnlich attraktive Haut. Als Nebeneffekt gl\u00e4ttet Sie auch Linien und F\u00e4ltchen.<\/p>","protected":false},"excerpt":{"rendered":"<p>Die MEN Energizing Cream ist eine leichte Tagespflege, die der Haut neue Frische verleiht. Die schnell einziehende Textur hilft, m\u00fcde Haut wacher wirken zu lassen, und sorgt f\u00fcr ein glattes, gepflegtes Hautgef\u00fchl ohne zu gl\u00e4nzen oder zu beschweren.<\/p>","protected":false},"featured_media":6669,"comment_status":"open","ping_status":"closed","template":"","meta":{"_acf_changed":false,"site-sidebar-layout":"default","site-content-layout":"","ast-site-content-layout":"default","site-content-style":"default","site-sidebar-style":"default","ast-global-header-display":"","ast-banner-title-visibility":"","ast-main-header-display":"","ast-hfb-above-header-display":"","ast-hfb-below-header-display":"","ast-hfb-mobile-header-display":"","site-post-title":"","ast-breadcrumbs-content":"","ast-featured-img":"","footer-sml-layout":"","ast-disable-related-posts":"","theme-transparent-header-meta":"default","adv-header-id-meta":"","stick-header-meta":"","header-above-stick-meta":"","header-main-stick-meta":"","header-below-stick-meta":"","astra-migrate-meta-layouts":"set","ast-page-background-enabled":"default","ast-page-background-meta":{"desktop":{"background-color":"var(--ast-global-color-5)","background-image":"","background-repeat":"repeat","background-position":"center center","background-size":"auto","background-attachment":"scroll","background-type":"","background-media":"","overlay-type":"","overlay-color":"","overlay-opacity":"","overlay-gradient":""},"tablet":{"background-color":"","background-image":"","background-repeat":"repeat","background-position":"center center","background-size":"auto","background-attachment":"scroll","background-type":"","background-media":"","overlay-type":"","overlay-color":"","overlay-opacity":"","overlay-gradient":""},"mobile":{"background-color":"","background-image":"","background-repeat":"repeat","background-position":"center center","background-size":"auto","background-attachment":"scroll","background-type":"","background-media":"","overlay-type":"","overlay-color":"","overlay-opacity":"","overlay-gradient":""}},"ast-content-background-meta":{"desktop":{"background-color":"var(--ast-global-color-4)","background-image":"","background-repeat":"repeat","background-position":"center center","background-size":"auto","background-attachment":"scroll","background-type":"","background-media":"","overlay-type":"","overlay-color":"","overlay-opacity":"","overlay-gradient":""},"tablet":{"background-color":"var(--ast-global-color-4)","background-image":"","background-repeat":"repeat","background-position":"center center","background-size":"auto","background-attachment":"scroll","background-type":"","background-media":"","overlay-type":"","overlay-color":"","overlay-opacity":"","overlay-gradient":""},"mobile":{"background-color":"var(--ast-global-color-4)","background-image":"","background-repeat":"repeat","background-position":"center center","background-size":"auto","background-attachment":"scroll","background-type":"","background-media":"","overlay-type":"","overlay-color":"","overlay-opacity":"","overlay-gradient":""}}},"product_brand":[],"product_cat":[18,51,22,28,45,29,36,25,37],"product_tag":[150,161,147,146,149,148],"class_list":{"0":"post-226","1":"product","2":"type-product","3":"status-publish","4":"has-post-thumbnail","6":"product_cat-all-skin-types","7":"product_cat-anti-aging","8":"product_cat-hydration","9":"product_cat-manner-uber-40","10":"product_cat-manner-unter-40-jahren","11":"product_cat-men","12":"product_cat-spezial-linien","13":"product_cat-straffen","14":"product_cat-tagespflege","15":"product_tag-combination-skin","16":"product_tag-creams","17":"product_tag-dry-skin","18":"product_tag-mature-skin","19":"product_tag-oily-skin","20":"product_tag-sensitive-skin","21":"desktop-align-center","22":"tablet-align-left","23":"mobile-align-left","25":"first","26":"instock","27":"taxable","28":"shipping-taxable","29":"purchasable","30":"product-type-simple"},"acf":{"key_ingredients":"<b title=\"Derived from stem cells of the prickly pear cactus.\">Aqua Cacteen<\/b> delivers intensive hydration and helps calm the skin, supporting a balanced and refreshed skin feel. It contributes to protecting the skin from environmental stress and supports a smoother, more resilient complexion. <b title=\"Provitamin that the skin converts into vitamin B5.\">D-Panthenol<\/b> supports the natural regeneration of the skin and helps maintain moisture balance, leaving the skin feeling smooth, comfortable, and well cared for. <b title=\"Regenerative and anti-inflammatory properties.\">Tiger Grass<\/b> supports skin repair and helps strengthen skin structure, contributing to a firmer, more refined appearance. <b title=\"Rich in omega-6 and Vitamin E.\">Grape Seed Oil<\/b> provides lightweight nourishment, supports moisture retention, and helps improve skin smoothness for a visibly more even skin surface. <b title=\"One of the skin\u2019s naturally occurring protective vitamins.\">Vitamin E<\/b> helps protect the skin from oxidative stress and supports skin renewal, contributing to a more balanced and vital-looking complexion. <b title=\"Encapsulated Sea Buckthorn Kernel Oil.\">Nano Vit<\/b> supports skin elasticity and vitality, helping the skin appear smoother, stronger, and more youthful.","application_":"Apply Energizing Cream to the skin in the morning and evening after cleansing.","skincare_concern":"","skin_type":"Suitable for all skin types.","customer_faq_section":"<strong>What does the MEN line stand for?<\/strong>\r\nThe MEN line is created for men who expect care to be straightforward, functional and reliable. It focuses on clear formulations, selected active ingredients and efficient application without unnecessary steps. Designed for everyday routines, when care should simply work and feel fresh, clean and effortless.","consumer_results":"","all_ingredients":"Aqua (Water), Butylene Glycol, Cyclopentasiloxane, Hydroxyethyl Acrylate\/Sodium Acryloyldimethyl Taurate Copolymer, Glycerin, Squalane, Cyclohexasiloxane, Tocopheryl Acetate, Panthenol, Ascorbyl Palmitate, Opuntia Ficus-Indica Stem Extract, Tocopherol, Centella Asiatica Extract, Vitis Vinifera (Grape) Seed Oil, Polysorbate 60, Parfum (Fragrance), Ethylhexylglycerin, Hippophae Rhamnoides Oil, Lecithin, Sorbitan Isostearate, Citric Acid, Phenoxyethanol, Sodium Benzoate, Limonene, Linalool, Benzyl Salicylate, Citronellol, Coumarin, Geraniol, Alpha-Isomethyl Ionone"},"_links":{"self":[{"href":"https:\/\/miladopiz.com\/de\/wp-json\/wp\/v2\/product\/226","targetHints":{"allow":["GET"]}}],"collection":[{"href":"https:\/\/miladopiz.com\/de\/wp-json\/wp\/v2\/product"}],"about":[{"href":"https:\/\/miladopiz.com\/de\/wp-json\/wp\/v2\/types\/product"}],"replies":[{"embeddable":true,"href":"https:\/\/miladopiz.com\/de\/wp-json\/wp\/v2\/comments?post=226"}],"wp:featuredmedia":[{"embeddable":true,"href":"https:\/\/miladopiz.com\/de\/wp-json\/wp\/v2\/media\/6669"}],"wp:attachment":[{"href":"https:\/\/miladopiz.com\/de\/wp-json\/wp\/v2\/media?parent=226"}],"wp:term":[{"taxonomy":"product_brand","embeddable":true,"href":"https:\/\/miladopiz.com\/de\/wp-json\/wp\/v2\/product_brand?post=226"},{"taxonomy":"product_cat","embeddable":true,"href":"https:\/\/miladopiz.com\/de\/wp-json\/wp\/v2\/product_cat?post=226"},{"taxonomy":"product_tag","embeddable":true,"href":"https:\/\/miladopiz.com\/de\/wp-json\/wp\/v2\/product_tag?post=226"}],"curies":[{"name":"wp","href":"https:\/\/api.w.org\/{rel}","templated":true}]}}