{"id":225,"date":"2025-11-25T08:25:22","date_gmt":"2025-11-25T08:25:22","guid":{"rendered":"https:\/\/miladopiz.com\/?post_type=product&#038;p=225"},"modified":"2026-03-19T15:10:09","modified_gmt":"2026-03-19T14:10:09","slug":"men-deo-roll-on","status":"publish","type":"product","link":"https:\/\/miladopiz.com\/de\/produkt\/men-deo-roll-on\/","title":{"rendered":"Men Deo Roll-on"},"content":{"rendered":"<p>Die lang anhaltende und sichere Wirkung bindet K\u00f6rpergeruch und hinterl\u00e4sst keine Flecken auf der Kleidung.<\/p>","protected":false},"excerpt":{"rendered":"<p>Der MEN Deo Roll-On sorgt f\u00fcr zuverl\u00e4ssige Frische und ein angenehmes Hautgef\u00fchl \u00fcber den Tag hinweg. Die sanfte Roll-On-Formulierung hilft, unerw\u00fcnschten K\u00f6rpergeruch zu reduzieren, und pflegt die Haut, ohne sie zu reizen, f\u00fcr ein sauberes, trockenes Hautgef\u00fchl.<\/p>","protected":false},"featured_media":6670,"comment_status":"open","ping_status":"closed","template":"","meta":{"_acf_changed":false,"site-sidebar-layout":"default","site-content-layout":"","ast-site-content-layout":"default","site-content-style":"default","site-sidebar-style":"default","ast-global-header-display":"","ast-banner-title-visibility":"","ast-main-header-display":"","ast-hfb-above-header-display":"","ast-hfb-below-header-display":"","ast-hfb-mobile-header-display":"","site-post-title":"","ast-breadcrumbs-content":"","ast-featured-img":"","footer-sml-layout":"","ast-disable-related-posts":"","theme-transparent-header-meta":"default","adv-header-id-meta":"","stick-header-meta":"","header-above-stick-meta":"","header-main-stick-meta":"","header-below-stick-meta":"","astra-migrate-meta-layouts":"set","ast-page-background-enabled":"default","ast-page-background-meta":{"desktop":{"background-color":"var(--ast-global-color-5)","background-image":"","background-repeat":"repeat","background-position":"center center","background-size":"auto","background-attachment":"scroll","background-type":"","background-media":"","overlay-type":"","overlay-color":"","overlay-opacity":"","overlay-gradient":""},"tablet":{"background-color":"","background-image":"","background-repeat":"repeat","background-position":"center center","background-size":"auto","background-attachment":"scroll","background-type":"","background-media":"","overlay-type":"","overlay-color":"","overlay-opacity":"","overlay-gradient":""},"mobile":{"background-color":"","background-image":"","background-repeat":"repeat","background-position":"center center","background-size":"auto","background-attachment":"scroll","background-type":"","background-media":"","overlay-type":"","overlay-color":"","overlay-opacity":"","overlay-gradient":""}},"ast-content-background-meta":{"desktop":{"background-color":"var(--ast-global-color-4)","background-image":"","background-repeat":"repeat","background-position":"center center","background-size":"auto","background-attachment":"scroll","background-type":"","background-media":"","overlay-type":"","overlay-color":"","overlay-opacity":"","overlay-gradient":""},"tablet":{"background-color":"var(--ast-global-color-4)","background-image":"","background-repeat":"repeat","background-position":"center center","background-size":"auto","background-attachment":"scroll","background-type":"","background-media":"","overlay-type":"","overlay-color":"","overlay-opacity":"","overlay-gradient":""},"mobile":{"background-color":"var(--ast-global-color-4)","background-image":"","background-repeat":"repeat","background-position":"center center","background-size":"auto","background-attachment":"scroll","background-type":"","background-media":"","overlay-type":"","overlay-color":"","overlay-opacity":"","overlay-gradient":""}}},"product_brand":[],"product_cat":[18,22,48,28,45,29,36],"product_tag":[150,147,146,149,148],"class_list":{"0":"post-225","1":"product","2":"type-product","3":"status-publish","4":"has-post-thumbnail","6":"product_cat-all-skin-types","7":"product_cat-hydration","8":"product_cat-korperpflege","9":"product_cat-manner-uber-40","10":"product_cat-manner-unter-40-jahren","11":"product_cat-men","12":"product_cat-spezial-linien","13":"product_tag-combination-skin","14":"product_tag-dry-skin","15":"product_tag-mature-skin","16":"product_tag-oily-skin","17":"product_tag-sensitive-skin","18":"desktop-align-center","19":"tablet-align-left","20":"mobile-align-left","22":"first","23":"instock","24":"taxable","25":"shipping-taxable","26":"purchasable","27":"product-type-simple"},"acf":{"key_ingredients":"<b title=\"Derived from stem cells of the prickly pear cactus.\">Aqua Cacteen<\/b> helps hydrate and soothe the skin and supports skin comfort in the sensitive underarm area. <b>Aluminium Salts<\/b> help control perspiration by temporarily reducing sweat moisture on the skin surface. They are used in deodorant formulations to support a dry, comfortable skin feel.","application_":"Apply to clean, dry underarms. Allow to dry briefly before dressing. Suitable for daily use.","skincare_concern":"","skin_type":"Suitable for all skin types.","customer_faq_section":"<strong>What does the MEN line stand for?<\/strong>\r\nThe MEN line is created for men who expect care to be straightforward, functional and reliable. It focuses on clear formulations, selected active ingredients and efficient application without unnecessary steps. Designed for everyday routines, when care should simply work and feel fresh, clean and effortless.","consumer_results":"","all_ingredients":"Aqua (Water), Alcohol Denat., Aluminum Chlorohydrate, Glycerin, PEG-40 Hydrogenated Castor Oil, Propylene Glycol, Opuntia Ficus-Indica Stem Extract, Parfum (Fragrance), Hydroxyethylcellulose, Ethylhexylglycerin, Disodium Phosphate, Sodium Phosphate, Polysorbate 60, Phenoxyethanol, Acetyl Cedrene, Alpha-Isomethyl Ionone, Benzyl Salicylate, Camphor, Citral, Citronellol, Citrus Aurantium Peel Oil, Citrus Limon (Lemon) Peel Oil, Coumarin, Geraniol, Limonene, Linalool, Linalyl Acetate, Mentha Piperita (Peppermint) Oil, Pinene, Pogostemon Cablin Oil, Tetramethyl Acetyloctahydronaphthalenes"},"_links":{"self":[{"href":"https:\/\/miladopiz.com\/de\/wp-json\/wp\/v2\/product\/225","targetHints":{"allow":["GET"]}}],"collection":[{"href":"https:\/\/miladopiz.com\/de\/wp-json\/wp\/v2\/product"}],"about":[{"href":"https:\/\/miladopiz.com\/de\/wp-json\/wp\/v2\/types\/product"}],"replies":[{"embeddable":true,"href":"https:\/\/miladopiz.com\/de\/wp-json\/wp\/v2\/comments?post=225"}],"wp:featuredmedia":[{"embeddable":true,"href":"https:\/\/miladopiz.com\/de\/wp-json\/wp\/v2\/media\/6670"}],"wp:attachment":[{"href":"https:\/\/miladopiz.com\/de\/wp-json\/wp\/v2\/media?parent=225"}],"wp:term":[{"taxonomy":"product_brand","embeddable":true,"href":"https:\/\/miladopiz.com\/de\/wp-json\/wp\/v2\/product_brand?post=225"},{"taxonomy":"product_cat","embeddable":true,"href":"https:\/\/miladopiz.com\/de\/wp-json\/wp\/v2\/product_cat?post=225"},{"taxonomy":"product_tag","embeddable":true,"href":"https:\/\/miladopiz.com\/de\/wp-json\/wp\/v2\/product_tag?post=225"}],"curies":[{"name":"wp","href":"https:\/\/api.w.org\/{rel}","templated":true}]}}