{"id":224,"date":"2025-11-25T08:25:22","date_gmt":"2025-11-25T08:25:22","guid":{"rendered":"https:\/\/miladopiz.com\/?post_type=product&#038;p=224"},"modified":"2026-03-19T15:10:09","modified_gmt":"2026-03-19T14:10:09","slug":"men-after-shave-gel","status":"publish","type":"product","link":"https:\/\/miladopiz.com\/de\/produkt\/men-after-shave-gel\/","title":{"rendered":"Men After Shave Gel"},"content":{"rendered":"<p>Das After Shave Gel beruhigt die Haut nach der Rasur und spendet reichlich Feuchtigkeit. Dank der erfrischenden und k\u00fchlenden Wirkung kann das Gel als 24-Stunden-Pflege verwendet werden. Die leicht entz\u00fcndungshemmenden Inhaltsstoffe straffen die Haut und beeinflussen die Kollagen-Stimulation g\u00fcnstig.<\/p>","protected":false},"excerpt":{"rendered":"<p>Das MEN After Shave Gel ist eine beruhigende Pflege f\u00fcr die Haut nach der Rasur. Die leichte Gel-Textur k\u00fchlt angenehm, hilft, rasurbedingte Irritationen zu mildern, und unterst\u00fctzt ein glattes, entspanntes Hautgef\u00fchl. Es zieht schnell ein, ohne R\u00fcckst\u00e4nde zu hinterlassen, und sorgt f\u00fcr ein frisches, ausgeglichenes Hautbild.<\/p>","protected":false},"featured_media":6667,"comment_status":"open","ping_status":"closed","template":"","meta":{"_acf_changed":false,"site-sidebar-layout":"default","site-content-layout":"","ast-site-content-layout":"default","site-content-style":"default","site-sidebar-style":"default","ast-global-header-display":"","ast-banner-title-visibility":"","ast-main-header-display":"","ast-hfb-above-header-display":"","ast-hfb-below-header-display":"","ast-hfb-mobile-header-display":"","site-post-title":"","ast-breadcrumbs-content":"","ast-featured-img":"","footer-sml-layout":"","ast-disable-related-posts":"","theme-transparent-header-meta":"default","adv-header-id-meta":"","stick-header-meta":"","header-above-stick-meta":"","header-main-stick-meta":"","header-below-stick-meta":"","astra-migrate-meta-layouts":"set","ast-page-background-enabled":"default","ast-page-background-meta":{"desktop":{"background-color":"var(--ast-global-color-5)","background-image":"","background-repeat":"repeat","background-position":"center center","background-size":"auto","background-attachment":"scroll","background-type":"","background-media":"","overlay-type":"","overlay-color":"","overlay-opacity":"","overlay-gradient":""},"tablet":{"background-color":"","background-image":"","background-repeat":"repeat","background-position":"center center","background-size":"auto","background-attachment":"scroll","background-type":"","background-media":"","overlay-type":"","overlay-color":"","overlay-opacity":"","overlay-gradient":""},"mobile":{"background-color":"","background-image":"","background-repeat":"repeat","background-position":"center center","background-size":"auto","background-attachment":"scroll","background-type":"","background-media":"","overlay-type":"","overlay-color":"","overlay-opacity":"","overlay-gradient":""}},"ast-content-background-meta":{"desktop":{"background-color":"var(--ast-global-color-4)","background-image":"","background-repeat":"repeat","background-position":"center center","background-size":"auto","background-attachment":"scroll","background-type":"","background-media":"","overlay-type":"","overlay-color":"","overlay-opacity":"","overlay-gradient":""},"tablet":{"background-color":"var(--ast-global-color-4)","background-image":"","background-repeat":"repeat","background-position":"center center","background-size":"auto","background-attachment":"scroll","background-type":"","background-media":"","overlay-type":"","overlay-color":"","overlay-opacity":"","overlay-gradient":""},"mobile":{"background-color":"var(--ast-global-color-4)","background-image":"","background-repeat":"repeat","background-position":"center center","background-size":"auto","background-attachment":"scroll","background-type":"","background-media":"","overlay-type":"","overlay-color":"","overlay-opacity":"","overlay-gradient":""}}},"product_brand":[],"product_cat":[18,22,48,28,45,29,36],"product_tag":[150,147,146,149,148],"class_list":{"0":"post-224","1":"product","2":"type-product","3":"status-publish","4":"has-post-thumbnail","6":"product_cat-all-skin-types","7":"product_cat-hydration","8":"product_cat-korperpflege","9":"product_cat-manner-uber-40","10":"product_cat-manner-unter-40-jahren","11":"product_cat-men","12":"product_cat-spezial-linien","13":"product_tag-combination-skin","14":"product_tag-dry-skin","15":"product_tag-mature-skin","16":"product_tag-oily-skin","17":"product_tag-sensitive-skin","18":"desktop-align-center","19":"tablet-align-left","20":"mobile-align-left","22":"first","23":"instock","24":"taxable","25":"shipping-taxable","26":"purchasable","27":"product-type-simple"},"acf":{"key_ingredients":"<b title=\"Provitamin that the skin converts into vitamin B5.\">D-Panthenol<\/b> helps support skin tissue formation, provides anti-inflammatory care and helps stabilise the skin\u2019s moisture balance. <b title=\"Milder alternative to urea to hydrate the skin.\">Allantoin<\/b> helps promote wound healing and supports skin regeneration while contributing to a smoother skin appearance. <b title=\"Derived from stem cells of the prickly pear cactus.\">Aqua Cacteen<\/b> helps hydrate and soothe the skin and supports skin that is exposed to environmental or mechanical stress. <b title=\"Regenerative and anti-inflammatory properties.\">Tiger Grass<\/b> supports skin resilience and helps care for skin that is challenged by external influences.","application_":"Apply to clean, dry skin after shaving. Gently massage a small amount into the skin until fully absorbed.","skincare_concern":"","skin_type":"Suitable for all skin types.","customer_faq_section":"<strong>What does the MEN line stand for?<\/strong>\r\nThe MEN line is created for men who expect care to be straightforward, functional and reliable. It focuses on clear formulations, selected active ingredients and efficient application without unnecessary steps. Designed for everyday routines, when care should simply work and feel fresh, clean and effortless.","consumer_results":"","all_ingredients":"Aqua (Water), Alcohol Denat., Glycerin, Panthenol, Allantoin, Bisabolol, Opuntia Ficus-Indica Stem Extract, Centella Asiatica Extract, Parfum (Fragrance), Dimethicone, Sodium Polyacrylate, Cyclopentasiloxane, Trideceth-6, Ethylhexylglycerin, PEG\/PPG-18\/18 Dimethicone, Citric Acid, Phenoxyethanol, Limonene, Linalool, Benzyl Salicylate, Citronellol, Coumarin, Geraniol, Alpha-Isomethyl Ionone, Citral"},"_links":{"self":[{"href":"https:\/\/miladopiz.com\/de\/wp-json\/wp\/v2\/product\/224","targetHints":{"allow":["GET"]}}],"collection":[{"href":"https:\/\/miladopiz.com\/de\/wp-json\/wp\/v2\/product"}],"about":[{"href":"https:\/\/miladopiz.com\/de\/wp-json\/wp\/v2\/types\/product"}],"replies":[{"embeddable":true,"href":"https:\/\/miladopiz.com\/de\/wp-json\/wp\/v2\/comments?post=224"}],"wp:featuredmedia":[{"embeddable":true,"href":"https:\/\/miladopiz.com\/de\/wp-json\/wp\/v2\/media\/6667"}],"wp:attachment":[{"href":"https:\/\/miladopiz.com\/de\/wp-json\/wp\/v2\/media?parent=224"}],"wp:term":[{"taxonomy":"product_brand","embeddable":true,"href":"https:\/\/miladopiz.com\/de\/wp-json\/wp\/v2\/product_brand?post=224"},{"taxonomy":"product_cat","embeddable":true,"href":"https:\/\/miladopiz.com\/de\/wp-json\/wp\/v2\/product_cat?post=224"},{"taxonomy":"product_tag","embeddable":true,"href":"https:\/\/miladopiz.com\/de\/wp-json\/wp\/v2\/product_tag?post=224"}],"curies":[{"name":"wp","href":"https:\/\/api.w.org\/{rel}","templated":true}]}}