{"id":656,"date":"2025-11-26T13:05:35","date_gmt":"2025-11-26T13:05:35","guid":{"rendered":"https:\/\/miladopiz.com\/?page_id=656"},"modified":"2026-03-31T14:34:22","modified_gmt":"2026-03-31T13:34:22","slug":"our-ambassador","status":"publish","type":"page","link":"https:\/\/miladopiz.com\/de\/our-ambassador\/","title":{"rendered":"Unser Ambassador"},"content":{"rendered":"<div data-elementor-type=\"wp-page\" data-elementor-id=\"656\" class=\"elementor elementor-656\" data-elementor-post-type=\"page\">\n\t\t\t\t\t\t<section class=\"elementor-section elementor-top-section elementor-element elementor-element-3d5dff3 elementor-section-full_width elementor-section-stretched elementor-hidden-mobile elementor-section-height-default elementor-section-height-default\" data-id=\"3d5dff3\" data-element_type=\"section\" data-e-type=\"section\" data-settings=\"{&quot;stretch_section&quot;:&quot;section-stretched&quot;}\">\n\t\t\t\t\t\t<div class=\"elementor-container elementor-column-gap-no\">\n\t\t\t\t\t<div class=\"elementor-column elementor-col-25 elementor-top-column elementor-element elementor-element-9a4177f\" data-id=\"9a4177f\" data-element_type=\"column\" data-e-type=\"column\">\n\t\t\t<div class=\"elementor-widget-wrap elementor-element-populated\">\n\t\t\t\t\t\t<div class=\"elementor-element elementor-element-53a32e2 elementor-widget elementor-widget-image\" data-id=\"53a32e2\" data-element_type=\"widget\" data-e-type=\"widget\" data-widget_type=\"image.default\">\n\t\t\t\t<div class=\"elementor-widget-container\">\n\t\t\t\t\t\t\t\t\t\t\t\t\t\t\t<img fetchpriority=\"high\" decoding=\"async\" width=\"683\" height=\"1024\" src=\"https:\/\/miladopiz.com\/wp-content\/uploads\/2026\/02\/5-DSC03294-683x1024.png\" class=\"attachment-large size-large wp-image-2699\" alt=\"\" srcset=\"https:\/\/miladopiz.com\/wp-content\/uploads\/2026\/02\/5-DSC03294-683x1024.png 683w, https:\/\/miladopiz.com\/wp-content\/uploads\/2026\/02\/5-DSC03294-200x300.png 200w, https:\/\/miladopiz.com\/wp-content\/uploads\/2026\/02\/5-DSC03294-768x1152.png 768w, https:\/\/miladopiz.com\/wp-content\/uploads\/2026\/02\/5-DSC03294-1024x1536.png 1024w, https:\/\/miladopiz.com\/wp-content\/uploads\/2026\/02\/5-DSC03294-1365x2048.png 1365w, https:\/\/miladopiz.com\/wp-content\/uploads\/2026\/02\/5-DSC03294-8x12.png 8w, https:\/\/miladopiz.com\/wp-content\/uploads\/2026\/02\/5-DSC03294-600x900.png 600w, https:\/\/miladopiz.com\/wp-content\/uploads\/2026\/02\/5-DSC03294-scaled.png 1707w\" sizes=\"(max-width: 683px) 100vw, 683px\" \/>\t\t\t\t\t\t\t\t\t\t\t\t\t\t\t<\/div>\n\t\t\t\t<\/div>\n\t\t\t\t\t<\/div>\n\t\t<\/div>\n\t\t\t\t<div class=\"elementor-column elementor-col-25 elementor-top-column elementor-element elementor-element-b542eef\" data-id=\"b542eef\" data-element_type=\"column\" data-e-type=\"column\">\n\t\t\t<div class=\"elementor-widget-wrap elementor-element-populated\">\n\t\t\t\t\t\t<div class=\"elementor-element elementor-element-0b8d71c elementor-widget elementor-widget-image\" data-id=\"0b8d71c\" data-element_type=\"widget\" data-e-type=\"widget\" data-widget_type=\"image.default\">\n\t\t\t\t<div class=\"elementor-widget-container\">\n\t\t\t\t\t\t\t\t\t\t\t\t\t\t\t<img decoding=\"async\" width=\"683\" height=\"1024\" src=\"https:\/\/miladopiz.com\/wp-content\/uploads\/2026\/02\/3-DSC03294-683x1024.png\" class=\"attachment-large size-large wp-image-2700\" alt=\"\" srcset=\"https:\/\/miladopiz.com\/wp-content\/uploads\/2026\/02\/3-DSC03294-683x1024.png 683w, https:\/\/miladopiz.com\/wp-content\/uploads\/2026\/02\/3-DSC03294-200x300.png 200w, https:\/\/miladopiz.com\/wp-content\/uploads\/2026\/02\/3-DSC03294-768x1152.png 768w, https:\/\/miladopiz.com\/wp-content\/uploads\/2026\/02\/3-DSC03294-1024x1536.png 1024w, https:\/\/miladopiz.com\/wp-content\/uploads\/2026\/02\/3-DSC03294-1365x2048.png 1365w, https:\/\/miladopiz.com\/wp-content\/uploads\/2026\/02\/3-DSC03294-8x12.png 8w, https:\/\/miladopiz.com\/wp-content\/uploads\/2026\/02\/3-DSC03294-600x900.png 600w, https:\/\/miladopiz.com\/wp-content\/uploads\/2026\/02\/3-DSC03294-scaled.png 1707w\" sizes=\"(max-width: 683px) 100vw, 683px\" \/>\t\t\t\t\t\t\t\t\t\t\t\t\t\t\t<\/div>\n\t\t\t\t<\/div>\n\t\t\t\t\t<\/div>\n\t\t<\/div>\n\t\t\t\t<div class=\"elementor-column elementor-col-25 elementor-top-column elementor-element elementor-element-21fb596\" data-id=\"21fb596\" data-element_type=\"column\" data-e-type=\"column\">\n\t\t\t<div class=\"elementor-widget-wrap elementor-element-populated\">\n\t\t\t\t\t\t<div class=\"elementor-element elementor-element-19d429f elementor-widget elementor-widget-image\" data-id=\"19d429f\" data-element_type=\"widget\" data-e-type=\"widget\" data-widget_type=\"image.default\">\n\t\t\t\t<div class=\"elementor-widget-container\">\n\t\t\t\t\t\t\t\t\t\t\t\t\t\t\t<img decoding=\"async\" width=\"683\" height=\"1024\" src=\"https:\/\/miladopiz.com\/wp-content\/uploads\/2026\/02\/4-DSC03294-683x1024.png\" class=\"attachment-large size-large wp-image-2701\" alt=\"\" srcset=\"https:\/\/miladopiz.com\/wp-content\/uploads\/2026\/02\/4-DSC03294-683x1024.png 683w, https:\/\/miladopiz.com\/wp-content\/uploads\/2026\/02\/4-DSC03294-200x300.png 200w, https:\/\/miladopiz.com\/wp-content\/uploads\/2026\/02\/4-DSC03294-768x1152.png 768w, https:\/\/miladopiz.com\/wp-content\/uploads\/2026\/02\/4-DSC03294-1024x1536.png 1024w, https:\/\/miladopiz.com\/wp-content\/uploads\/2026\/02\/4-DSC03294-1365x2048.png 1365w, https:\/\/miladopiz.com\/wp-content\/uploads\/2026\/02\/4-DSC03294-8x12.png 8w, https:\/\/miladopiz.com\/wp-content\/uploads\/2026\/02\/4-DSC03294-600x900.png 600w, https:\/\/miladopiz.com\/wp-content\/uploads\/2026\/02\/4-DSC03294-scaled.png 1707w\" sizes=\"(max-width: 683px) 100vw, 683px\" \/>\t\t\t\t\t\t\t\t\t\t\t\t\t\t\t<\/div>\n\t\t\t\t<\/div>\n\t\t\t\t\t<\/div>\n\t\t<\/div>\n\t\t\t\t<div class=\"elementor-column elementor-col-25 elementor-top-column elementor-element elementor-element-d95fe7f\" data-id=\"d95fe7f\" data-element_type=\"column\" data-e-type=\"column\">\n\t\t\t<div class=\"elementor-widget-wrap elementor-element-populated\">\n\t\t\t\t\t\t<div class=\"elementor-element elementor-element-69f991b elementor-widget elementor-widget-image\" data-id=\"69f991b\" data-element_type=\"widget\" data-e-type=\"widget\" data-widget_type=\"image.default\">\n\t\t\t\t<div class=\"elementor-widget-container\">\n\t\t\t\t\t\t\t\t\t\t\t\t\t\t\t<img loading=\"lazy\" decoding=\"async\" width=\"683\" height=\"1024\" src=\"https:\/\/miladopiz.com\/wp-content\/uploads\/2026\/02\/2-DSC03294-683x1024.png\" class=\"attachment-large size-large wp-image-2702\" alt=\"\" srcset=\"https:\/\/miladopiz.com\/wp-content\/uploads\/2026\/02\/2-DSC03294-683x1024.png 683w, https:\/\/miladopiz.com\/wp-content\/uploads\/2026\/02\/2-DSC03294-200x300.png 200w, https:\/\/miladopiz.com\/wp-content\/uploads\/2026\/02\/2-DSC03294-768x1152.png 768w, https:\/\/miladopiz.com\/wp-content\/uploads\/2026\/02\/2-DSC03294-1024x1536.png 1024w, https:\/\/miladopiz.com\/wp-content\/uploads\/2026\/02\/2-DSC03294-1365x2048.png 1365w, https:\/\/miladopiz.com\/wp-content\/uploads\/2026\/02\/2-DSC03294-8x12.png 8w, https:\/\/miladopiz.com\/wp-content\/uploads\/2026\/02\/2-DSC03294-600x900.png 600w, https:\/\/miladopiz.com\/wp-content\/uploads\/2026\/02\/2-DSC03294-scaled.png 1707w\" sizes=\"(max-width: 683px) 100vw, 683px\" \/>\t\t\t\t\t\t\t\t\t\t\t\t\t\t\t<\/div>\n\t\t\t\t<\/div>\n\t\t\t\t\t<\/div>\n\t\t<\/div>\n\t\t\t\t\t<\/div>\n\t\t<\/section>\n\t\t\t\t<section class=\"elementor-section elementor-top-section elementor-element elementor-element-8bf32bd elementor-section-full_width elementor-section-stretched elementor-hidden-desktop elementor-hidden-tablet elementor-section-height-default elementor-section-height-default\" data-id=\"8bf32bd\" data-element_type=\"section\" data-e-type=\"section\" data-settings=\"{&quot;stretch_section&quot;:&quot;section-stretched&quot;}\">\n\t\t\t\t\t\t<div class=\"elementor-container elementor-column-gap-default\">\n\t\t\t\t\t<div class=\"elementor-column elementor-col-100 elementor-top-column elementor-element elementor-element-951a5f9\" data-id=\"951a5f9\" data-element_type=\"column\" data-e-type=\"column\">\n\t\t\t<div class=\"elementor-widget-wrap elementor-element-populated\">\n\t\t\t\t\t\t<div class=\"elementor-element elementor-element-1007be8 elementor-widget elementor-widget-image\" data-id=\"1007be8\" data-element_type=\"widget\" data-e-type=\"widget\" data-widget_type=\"image.default\">\n\t\t\t\t<div class=\"elementor-widget-container\">\n\t\t\t\t\t\t\t\t\t\t\t\t\t\t\t<img loading=\"lazy\" decoding=\"async\" width=\"1024\" height=\"480\" src=\"https:\/\/miladopiz.com\/wp-content\/uploads\/2026\/02\/white-dress-1024x480.jpg\" class=\"attachment-large size-large wp-image-3978\" alt=\"\" srcset=\"https:\/\/miladopiz.com\/wp-content\/uploads\/2026\/02\/white-dress-1024x480.jpg 1024w, https:\/\/miladopiz.com\/wp-content\/uploads\/2026\/02\/white-dress-300x141.jpg 300w, https:\/\/miladopiz.com\/wp-content\/uploads\/2026\/02\/white-dress-768x360.jpg 768w, https:\/\/miladopiz.com\/wp-content\/uploads\/2026\/02\/white-dress-1536x720.jpg 1536w, https:\/\/miladopiz.com\/wp-content\/uploads\/2026\/02\/white-dress-18x8.jpg 18w, https:\/\/miladopiz.com\/wp-content\/uploads\/2026\/02\/white-dress-600x281.jpg 600w, https:\/\/miladopiz.com\/wp-content\/uploads\/2026\/02\/white-dress.jpg 1920w\" sizes=\"(max-width: 1024px) 100vw, 1024px\" \/>\t\t\t\t\t\t\t\t\t\t\t\t\t\t\t<\/div>\n\t\t\t\t<\/div>\n\t\t\t\t\t<\/div>\n\t\t<\/div>\n\t\t\t\t\t<\/div>\n\t\t<\/section>\n\t\t\t\t<section class=\"elementor-section elementor-top-section elementor-element elementor-element-61f915e elementor-hidden-mobile elementor-section-boxed elementor-section-height-default elementor-section-height-default\" data-id=\"61f915e\" data-element_type=\"section\" data-e-type=\"section\">\n\t\t\t\t\t\t<div class=\"elementor-container elementor-column-gap-default\">\n\t\t\t\t\t<div class=\"elementor-column elementor-col-100 elementor-top-column elementor-element elementor-element-86057ad\" data-id=\"86057ad\" data-element_type=\"column\" data-e-type=\"column\">\n\t\t\t<div class=\"elementor-widget-wrap elementor-element-populated\">\n\t\t\t\t\t\t<div class=\"elementor-element elementor-element-db28fd7 elementor-widget-divider--view-line elementor-widget elementor-widget-divider\" data-id=\"db28fd7\" data-element_type=\"widget\" data-e-type=\"widget\" data-widget_type=\"divider.default\">\n\t\t\t\t<div class=\"elementor-widget-container\">\n\t\t\t\t\t\t\t<div class=\"elementor-divider\">\n\t\t\t<span class=\"elementor-divider-separator\">\n\t\t\t\t\t\t<\/span>\n\t\t<\/div>\n\t\t\t\t\t\t<\/div>\n\t\t\t\t<\/div>\n\t\t\t\t\t<\/div>\n\t\t<\/div>\n\t\t\t\t\t<\/div>\n\t\t<\/section>\n\t\t\t\t<section class=\"elementor-section elementor-top-section elementor-element elementor-element-71c3d79 elementor-section-boxed elementor-section-height-default elementor-section-height-default\" data-id=\"71c3d79\" data-element_type=\"section\" data-e-type=\"section\">\n\t\t\t\t\t\t<div class=\"elementor-container elementor-column-gap-default\">\n\t\t\t\t\t<div class=\"elementor-column elementor-col-100 elementor-top-column elementor-element elementor-element-20cbecb\" data-id=\"20cbecb\" data-element_type=\"column\" data-e-type=\"column\">\n\t\t\t<div class=\"elementor-widget-wrap elementor-element-populated\">\n\t\t\t\t\t\t<div class=\"elementor-element elementor-element-cd3b6e4 elementor-widget elementor-widget-text-editor\" data-id=\"cd3b6e4\" data-element_type=\"widget\" data-e-type=\"widget\" data-widget_type=\"text-editor.default\">\n\t\t\t\t<div class=\"elementor-widget-container\">\n\t\t\t\t\t\t\t\t\t<p>Tanja La Croix<\/p>\t\t\t\t\t\t\t\t<\/div>\n\t\t\t\t<\/div>\n\t\t\t\t<div class=\"elementor-element elementor-element-9be1d1e elementor-widget elementor-widget-text-editor\" data-id=\"9be1d1e\" data-element_type=\"widget\" data-e-type=\"widget\" data-widget_type=\"text-editor.default\">\n\t\t\t\t<div class=\"elementor-widget-container\">\n\t\t\t\t\t\t\t\t\t<p>Das zeitgem\u00e4sse Gesicht von Mila d\u2019Opiz; Ihre Ausstrahlung ist klar, reduziert und bewusst, ohne Inszenierung und ohne Lautst\u00e4rke. Sie verk\u00f6rpert eine moderne Schweizer Haltung, gepr\u00e4gt von Pr\u00e4zision, Qualit\u00e4tsbewusstsein und dem Fokus auf das Wesentliche.<\/p><p>Ihre Arbeit widerspiegelt, wof\u00fcr unsere Formulierungen stehen: echtes Handwerk, fundierte Expertise und Substanz statt leerer Versprechen. Tanja steht f\u00fcr eine Form von Sch\u00f6nheit, die aus Haltung entsteht und nicht aus Selbstdarstellung.<\/p><p>Als Ambassadorin bringt sie eine ruhige Selbstverst\u00e4ndlichkeit und einen hohen Anspruch mit, die Mila d\u2019Opiz glaubw\u00fcrdig und zeitgem\u00e4ss nach aussen tragen.<\/p>\t\t\t\t\t\t\t\t<\/div>\n\t\t\t\t<\/div>\n\t\t\t\t\t<\/div>\n\t\t<\/div>\n\t\t\t\t\t<\/div>\n\t\t<\/section>\n\t\t\t\t<section class=\"elementor-section elementor-top-section elementor-element elementor-element-c5eb049 elementor-section-boxed elementor-section-height-default elementor-section-height-default\" data-id=\"c5eb049\" data-element_type=\"section\" data-e-type=\"section\">\n\t\t\t\t\t\t<div class=\"elementor-container elementor-column-gap-default\">\n\t\t\t\t\t<div class=\"elementor-column elementor-col-100 elementor-top-column elementor-element elementor-element-a8c08b0\" data-id=\"a8c08b0\" data-element_type=\"column\" data-e-type=\"column\">\n\t\t\t<div class=\"elementor-widget-wrap elementor-element-populated\">\n\t\t\t\t\t\t<div class=\"elementor-element elementor-element-1d667a2 elementor-widget-divider--view-line_text elementor-widget-divider--element-align-center elementor-widget elementor-widget-divider\" data-id=\"1d667a2\" data-element_type=\"widget\" data-e-type=\"widget\" data-widget_type=\"divider.default\">\n\t\t\t\t<div class=\"elementor-widget-container\">\n\t\t\t\t\t\t\t<div class=\"elementor-divider\">\n\t\t\t<span class=\"elementor-divider-separator\">\n\t\t\t\t\t\t\t<p class=\"elementor-divider__text elementor-divider__element\">\n\t\t\t\tTanja La Croix\t\t\t\t<\/p>\n\t\t\t\t\t\t<\/span>\n\t\t<\/div>\n\t\t\t\t\t\t<\/div>\n\t\t\t\t<\/div>\n\t\t\t\t\t<\/div>\n\t\t<\/div>\n\t\t\t\t\t<\/div>\n\t\t<\/section>\n\t\t\t\t<section class=\"elementor-section elementor-top-section elementor-element elementor-element-59b5098 elementor-section-boxed elementor-section-height-default elementor-section-height-default\" data-id=\"59b5098\" data-element_type=\"section\" data-e-type=\"section\">\n\t\t\t\t\t\t<div class=\"elementor-container elementor-column-gap-default\">\n\t\t\t\t\t<div class=\"elementor-column elementor-col-100 elementor-top-column elementor-element elementor-element-aef718c\" data-id=\"aef718c\" data-element_type=\"column\" data-e-type=\"column\">\n\t\t\t<div class=\"elementor-widget-wrap elementor-element-populated\">\n\t\t\t\t\t\t<div class=\"elementor-element elementor-element-cd5f1ff elementor-widget elementor-widget-gallery\" data-id=\"cd5f1ff\" data-element_type=\"widget\" data-e-type=\"widget\" data-settings=\"{&quot;gallery_layout&quot;:&quot;masonry&quot;,&quot;columns&quot;:2,&quot;gap&quot;:{&quot;unit&quot;:&quot;px&quot;,&quot;size&quot;:19,&quot;sizes&quot;:[]},&quot;lazyload&quot;:&quot;yes&quot;,&quot;columns_tablet&quot;:2,&quot;columns_mobile&quot;:1,&quot;gap_tablet&quot;:{&quot;unit&quot;:&quot;px&quot;,&quot;size&quot;:10,&quot;sizes&quot;:[]},&quot;gap_mobile&quot;:{&quot;unit&quot;:&quot;px&quot;,&quot;size&quot;:10,&quot;sizes&quot;:[]},&quot;link_to&quot;:&quot;file&quot;,&quot;overlay_background&quot;:&quot;yes&quot;}\" data-widget_type=\"gallery.default\">\n\t\t\t\t<div class=\"elementor-widget-container\">\n\t\t\t\t\t\t\t<div class=\"elementor-gallery__container\">\n\t\t\t\t\t\t\t<a class=\"e-gallery-item elementor-gallery-item\" href=\"https:\/\/miladopiz.com\/wp-content\/uploads\/2026\/02\/beige-dress.jpg\" data-elementor-open-lightbox=\"yes\" data-elementor-lightbox-slideshow=\"cd5f1ff\" data-elementor-lightbox-title=\"beige dress\" data-e-action-hash=\"#elementor-action%3Aaction%3Dlightbox%26settings%3DeyJpZCI6Mzk3MywidXJsIjoiaHR0cHM6XC9cL21pbGFkb3Bpei5jb21cL3dwLWNvbnRlbnRcL3VwbG9hZHNcLzIwMjZcLzAyXC9iZWlnZS1kcmVzcy5qcGciLCJzbGlkZXNob3ciOiJjZDVmMWZmIn0%3D\">\n\t\t\t\t\t<div class=\"e-gallery-image elementor-gallery-item__image\" data-thumbnail=\"https:\/\/miladopiz.com\/wp-content\/uploads\/2026\/02\/beige-dress.jpg\" data-width=\"800\" data-height=\"1200\" aria-label=\"\" role=\"img\" ><\/div>\n\t\t\t\t\t\t\t\t\t\t\t<div class=\"elementor-gallery-item__overlay\"><\/div>\n\t\t\t\t\t\t\t\t\t\t\t\t\t\t<\/a>\n\t\t\t\t\t\t\t<a class=\"e-gallery-item elementor-gallery-item\" href=\"https:\/\/miladopiz.com\/wp-content\/uploads\/2026\/02\/face-only.jpg\" data-elementor-open-lightbox=\"yes\" data-elementor-lightbox-slideshow=\"cd5f1ff\" data-elementor-lightbox-title=\"face only\" data-e-action-hash=\"#elementor-action%3Aaction%3Dlightbox%26settings%3DeyJpZCI6Mzk3NCwidXJsIjoiaHR0cHM6XC9cL21pbGFkb3Bpei5jb21cL3dwLWNvbnRlbnRcL3VwbG9hZHNcLzIwMjZcLzAyXC9mYWNlLW9ubHkuanBnIiwic2xpZGVzaG93IjoiY2Q1ZjFmZiJ9\">\n\t\t\t\t\t<div class=\"e-gallery-image elementor-gallery-item__image\" data-thumbnail=\"https:\/\/miladopiz.com\/wp-content\/uploads\/2026\/02\/face-only.jpg\" data-width=\"1200\" data-height=\"800\" aria-label=\"\" role=\"img\" ><\/div>\n\t\t\t\t\t\t\t\t\t\t\t<div class=\"elementor-gallery-item__overlay\"><\/div>\n\t\t\t\t\t\t\t\t\t\t\t\t\t\t<\/a>\n\t\t\t\t\t\t\t<a class=\"e-gallery-item elementor-gallery-item\" href=\"https:\/\/miladopiz.com\/wp-content\/uploads\/2026\/02\/white-dress-2.jpg\" data-elementor-open-lightbox=\"yes\" data-elementor-lightbox-slideshow=\"cd5f1ff\" data-elementor-lightbox-title=\"white dress 2\" data-e-action-hash=\"#elementor-action%3Aaction%3Dlightbox%26settings%3DeyJpZCI6Mzk3NSwidXJsIjoiaHR0cHM6XC9cL21pbGFkb3Bpei5jb21cL3dwLWNvbnRlbnRcL3VwbG9hZHNcLzIwMjZcLzAyXC93aGl0ZS1kcmVzcy0yLmpwZyIsInNsaWRlc2hvdyI6ImNkNWYxZmYifQ%3D%3D\">\n\t\t\t\t\t<div class=\"e-gallery-image elementor-gallery-item__image\" data-thumbnail=\"https:\/\/miladopiz.com\/wp-content\/uploads\/2026\/02\/white-dress-2.jpg\" data-width=\"800\" data-height=\"1200\" aria-label=\"\" role=\"img\" ><\/div>\n\t\t\t\t\t\t\t\t\t\t\t<div class=\"elementor-gallery-item__overlay\"><\/div>\n\t\t\t\t\t\t\t\t\t\t\t\t\t\t<\/a>\n\t\t\t\t\t\t\t<a class=\"e-gallery-item elementor-gallery-item\" href=\"https:\/\/miladopiz.com\/wp-content\/uploads\/2026\/02\/18-DSC03936-scaled.jpg\" data-elementor-open-lightbox=\"yes\" data-elementor-lightbox-slideshow=\"cd5f1ff\" data-elementor-lightbox-title=\"18 - DSC03936\" data-e-action-hash=\"#elementor-action%3Aaction%3Dlightbox%26settings%3DeyJpZCI6Mzk3NiwidXJsIjoiaHR0cHM6XC9cL21pbGFkb3Bpei5jb21cL3dwLWNvbnRlbnRcL3VwbG9hZHNcLzIwMjZcLzAyXC8xOC1EU0MwMzkzNi1zY2FsZWQuanBnIiwic2xpZGVzaG93IjoiY2Q1ZjFmZiJ9\">\n\t\t\t\t\t<div class=\"e-gallery-image elementor-gallery-item__image\" data-thumbnail=\"https:\/\/miladopiz.com\/wp-content\/uploads\/2026\/02\/18-DSC03936-scaled.jpg\" data-width=\"2560\" data-height=\"1707\" aria-label=\"\" role=\"img\" ><\/div>\n\t\t\t\t\t\t\t\t\t\t\t<div class=\"elementor-gallery-item__overlay\"><\/div>\n\t\t\t\t\t\t\t\t\t\t\t\t\t\t<\/a>\n\t\t\t\t\t<\/div>\n\t\t\t\t\t<\/div>\n\t\t\t\t<\/div>\n\t\t\t\t\t<\/div>\n\t\t<\/div>\n\t\t\t\t\t<\/div>\n\t\t<\/section>\n\t\t\t\t<\/div>","protected":false},"excerpt":{"rendered":"<p>Tanja La Croix The contemporary face of Mila d\u2019Opiz: Her presence is clear, intentional and effortlessly refined, without staging or [&hellip;]<\/p>\n","protected":false},"author":1,"featured_media":0,"parent":0,"menu_order":0,"comment_status":"closed","ping_status":"closed","template":"","meta":{"_acf_changed":false,"site-sidebar-layout":"no-sidebar","site-content-layout":"","ast-site-content-layout":"full-width-container","site-content-style":"default","site-sidebar-style":"default","ast-global-header-display":"disabled","ast-banner-title-visibility":"","ast-main-header-display":"","ast-hfb-above-header-display":"","ast-hfb-below-header-display":"","ast-hfb-mobile-header-display":"","site-post-title":"","ast-breadcrumbs-content":"","ast-featured-img":"disabled","footer-sml-layout":"disabled","ast-disable-related-posts":"","theme-transparent-header-meta":"","adv-header-id-meta":"","stick-header-meta":"","header-above-stick-meta":"","header-main-stick-meta":"","header-below-stick-meta":"","astra-migrate-meta-layouts":"default","ast-page-background-enabled":"default","ast-page-background-meta":{"desktop":{"background-color":"var(--ast-global-color-5)","background-image":"","background-repeat":"repeat","background-position":"center center","background-size":"auto","background-attachment":"scroll","background-type":"","background-media":"","overlay-type":"","overlay-color":"","overlay-opacity":"","overlay-gradient":""},"tablet":{"background-color":"","background-image":"","background-repeat":"repeat","background-position":"center center","background-size":"auto","background-attachment":"scroll","background-type":"","background-media":"","overlay-type":"","overlay-color":"","overlay-opacity":"","overlay-gradient":""},"mobile":{"background-color":"","background-image":"","background-repeat":"repeat","background-position":"center center","background-size":"auto","background-attachment":"scroll","background-type":"","background-media":"","overlay-type":"","overlay-color":"","overlay-opacity":"","overlay-gradient":""}},"ast-content-background-meta":{"desktop":{"background-color":"var(--ast-global-color-4)","background-image":"","background-repeat":"repeat","background-position":"center center","background-size":"auto","background-attachment":"scroll","background-type":"","background-media":"","overlay-type":"","overlay-color":"","overlay-opacity":"","overlay-gradient":""},"tablet":{"background-color":"var(--ast-global-color-4)","background-image":"","background-repeat":"repeat","background-position":"center center","background-size":"auto","background-attachment":"scroll","background-type":"","background-media":"","overlay-type":"","overlay-color":"","overlay-opacity":"","overlay-gradient":""},"mobile":{"background-color":"var(--ast-global-color-4)","background-image":"","background-repeat":"repeat","background-position":"center center","background-size":"auto","background-attachment":"scroll","background-type":"","background-media":"","overlay-type":"","overlay-color":"","overlay-opacity":"","overlay-gradient":""}},"footnotes":""},"class_list":["post-656","page","type-page","status-publish","hentry"],"acf":[],"_hostinger_reach_plugin_has_subscription_block":false,"_hostinger_reach_plugin_is_elementor":false,"_links":{"self":[{"href":"https:\/\/miladopiz.com\/de\/wp-json\/wp\/v2\/pages\/656","targetHints":{"allow":["GET"]}}],"collection":[{"href":"https:\/\/miladopiz.com\/de\/wp-json\/wp\/v2\/pages"}],"about":[{"href":"https:\/\/miladopiz.com\/de\/wp-json\/wp\/v2\/types\/page"}],"author":[{"embeddable":true,"href":"https:\/\/miladopiz.com\/de\/wp-json\/wp\/v2\/users\/1"}],"replies":[{"embeddable":true,"href":"https:\/\/miladopiz.com\/de\/wp-json\/wp\/v2\/comments?post=656"}],"version-history":[{"count":112,"href":"https:\/\/miladopiz.com\/de\/wp-json\/wp\/v2\/pages\/656\/revisions"}],"predecessor-version":[{"id":8829,"href":"https:\/\/miladopiz.com\/de\/wp-json\/wp\/v2\/pages\/656\/revisions\/8829"}],"wp:attachment":[{"href":"https:\/\/miladopiz.com\/de\/wp-json\/wp\/v2\/media?parent=656"}],"curies":[{"name":"wp","href":"https:\/\/api.w.org\/{rel}","templated":true}]}}